{"id":106,"date":"2026-04-02T01:30:39","date_gmt":"2026-04-02T01:30:39","guid":{"rendered":"https:\/\/chicasblog.shop\/?page_id=106"},"modified":"2026-04-02T12:58:11","modified_gmt":"2026-04-02T12:58:11","slug":"elementor-pagina-106","status":"publish","type":"page","link":"https:\/\/chicasblog.shop\/?page_id=106","title":{"rendered":"Elementor#106"},"content":{"rendered":"\t\t<div data-elementor-type=\"wp-page\" data-elementor-id=\"106\" class=\"elementor elementor-106\">\n\t\t\t\t<div class=\"elementor-element elementor-element-ac52d58 e-flex e-con-boxed e-con e-parent\" data-id=\"ac52d58\" data-element_type=\"container\" data-e-type=\"container\" id=\"Post-livros\" data-settings=\"{&quot;background_background&quot;:&quot;classic&quot;}\">\n\t\t\t\t\t<div class=\"e-con-inner\">\n\t\t\t\t<div class=\"elementor-element elementor-element-9798e3d elementor-widget__width-initial elementor-absolute elementor-widget elementor-widget-text-editor\" data-id=\"9798e3d\" data-element_type=\"widget\" data-e-type=\"widget\" data-settings=\"{&quot;_position&quot;:&quot;absolute&quot;}\" data-widget_type=\"text-editor.default\">\n\t\t\t\t\t\t\t\t\t<p>Os livros s\u00e3o a forma mais r\u00e1pida e barata de se fazer uma viagem, pode ser para outro pa\u00eds, \u00e9poca ou at\u00e9 mesmo uma vida inteira.<\/p><p>No Brasil, diversos autores se destacam, por exemplo: Machado de Assis, Clasrice Lispector, Lydia Prado, Jos\u00e9 de Alencar, Olavo Bilac, entre outros milh\u00f5es<\/p>\t\t\t\t\t\t\t\t<\/div>\n\t\t\t\t\t<\/div>\n\t\t\t\t<\/div>\n\t\t<div class=\"elementor-element elementor-element-dc3620f e-flex e-con-boxed e-con e-parent\" data-id=\"dc3620f\" data-element_type=\"container\" data-e-type=\"container\" data-settings=\"{&quot;background_background&quot;:&quot;classic&quot;}\">\n\t\t\t\t\t<div class=\"e-con-inner\">\n\t\t\t\t<div class=\"elementor-element elementor-element-c6ac56d e-n-tabs-mobile elementor-widget elementor-widget-n-tabs\" data-id=\"c6ac56d\" data-element_type=\"widget\" data-e-type=\"widget\" data-settings=\"{&quot;tabs_justify_horizontal&quot;:&quot;stretch&quot;,&quot;horizontal_scroll&quot;:&quot;disable&quot;}\" data-widget_type=\"nested-tabs.default\">\n\t\t\t\t\t\t\t<div class=\"e-n-tabs\" data-widget-number=\"208323949\" aria-label=\"Abas. Abra itens com &quot;Enter&quot; ou &quot;Espa\u00e7o&quot;, feche com &quot;Escape&quot; e navegue usando as teclas de &quot;Seta&quot;.\">\n\t\t\t<div class=\"e-n-tabs-heading\" role=\"tablist\">\n\t\t\t\t\t<button id=\"e-n-tab-title-2083239491\" data-tab-title-id=\"e-n-tab-title-2083239491\" class=\"e-n-tab-title\" aria-selected=\"true\" data-tab-index=\"1\" role=\"tab\" tabindex=\"0\" aria-controls=\"e-n-tab-content-2083239491\" style=\"--n-tabs-title-order: 1;\">\n\t\t\t\t\t\t<span class=\"e-n-tab-title-text\">\n\t\t\t\tT\u00edtulos\t\t\t<\/span>\n\t\t<\/button>\n\t\t\t\t<button id=\"e-n-tab-title-2083239492\" data-tab-title-id=\"e-n-tab-title-2083239492\" class=\"e-n-tab-title\" aria-selected=\"false\" data-tab-index=\"2\" role=\"tab\" tabindex=\"-1\" aria-controls=\"e-n-tab-content-2083239492\" style=\"--n-tabs-title-order: 2;\">\n\t\t\t\t\t\t<span class=\"e-n-tab-title-text\">\n\t\t\t\tAdapta\u00e7\u00f5es\t\t\t<\/span>\n\t\t<\/button>\n\t\t\t\t<button id=\"e-n-tab-title-2083239493\" data-tab-title-id=\"e-n-tab-title-2083239493\" class=\"e-n-tab-title\" aria-selected=\"false\" data-tab-index=\"3\" role=\"tab\" tabindex=\"-1\" aria-controls=\"e-n-tab-content-2083239493\" style=\"--n-tabs-title-order: 3;\">\n\t\t\t\t\t\t<span class=\"e-n-tab-title-text\">\n\t\t\t\tEscritores\t\t\t<\/span>\n\t\t<\/button>\n\t\t\t\t\t<\/div>\n\t\t\t<div class=\"e-n-tabs-content\">\n\t\t\t\t<div id=\"e-n-tab-content-2083239491\" role=\"tabpanel\" aria-labelledby=\"e-n-tab-title-2083239491\" data-tab-index=\"1\" style=\"--n-tabs-title-order: 1;\" class=\"e-active elementor-element elementor-element-c88933f e-con-full e-flex e-con e-child\" data-id=\"c88933f\" data-element_type=\"container\" data-e-type=\"container\">\n\t\t<div class=\"elementor-element elementor-element-f2e8cc2 e-flex e-con-boxed e-con e-child\" data-id=\"f2e8cc2\" data-element_type=\"container\" data-e-type=\"container\">\n\t\t\t\t\t<div class=\"e-con-inner\">\n\t\t\t\t<div class=\"elementor-element elementor-element-060e539 elementor-widget elementor-widget-image\" data-id=\"060e539\" data-element_type=\"widget\" data-e-type=\"widget\" data-widget_type=\"image.default\">\n\t\t\t\t\t\t\t\t\t\t\t\t\t\t\t<img fetchpriority=\"high\" decoding=\"async\" width=\"735\" height=\"956\" src=\"https:\/\/chicasblog.shop\/wp-content\/uploads\/2026\/04\/6bcddb076d5c90e3b6ea014f9f3c3d50.jpg\" class=\"attachment-large size-large wp-image-327\" alt=\"\" srcset=\"https:\/\/chicasblog.shop\/wp-content\/uploads\/2026\/04\/6bcddb076d5c90e3b6ea014f9f3c3d50.jpg 735w, https:\/\/chicasblog.shop\/wp-content\/uploads\/2026\/04\/6bcddb076d5c90e3b6ea014f9f3c3d50-231x300.jpg 231w\" sizes=\"(max-width: 735px) 100vw, 735px\" \/>\t\t\t\t\t\t\t\t\t\t\t\t\t\t\t<\/div>\n\t\t\t\t\t<\/div>\n\t\t\t\t<\/div>\n\t\t\t\t<\/div>\n\t\t<div id=\"e-n-tab-content-2083239492\" role=\"tabpanel\" aria-labelledby=\"e-n-tab-title-2083239492\" data-tab-index=\"2\" style=\"--n-tabs-title-order: 2;\" class=\" elementor-element elementor-element-0ffb300 e-con-full e-flex e-con e-child\" data-id=\"0ffb300\" data-element_type=\"container\" data-e-type=\"container\">\n\t\t<div class=\"elementor-element elementor-element-3af8014 e-flex e-con-boxed e-con e-child\" data-id=\"3af8014\" data-element_type=\"container\" data-e-type=\"container\">\n\t\t\t\t\t<div class=\"e-con-inner\">\n\t\t\t\t<div class=\"elementor-element elementor-element-961eae4 elementor-widget elementor-widget-image\" data-id=\"961eae4\" data-element_type=\"widget\" data-e-type=\"widget\" data-widget_type=\"image.default\">\n\t\t\t\t\t\t\t\t\t\t\t\t\t\t\t<img decoding=\"async\" width=\"736\" height=\"920\" src=\"https:\/\/chicasblog.shop\/wp-content\/uploads\/2026\/04\/36b0bcbd29c0825c7d687d1135e88275.jpg\" class=\"attachment-large size-large wp-image-328\" alt=\"\" srcset=\"https:\/\/chicasblog.shop\/wp-content\/uploads\/2026\/04\/36b0bcbd29c0825c7d687d1135e88275.jpg 736w, https:\/\/chicasblog.shop\/wp-content\/uploads\/2026\/04\/36b0bcbd29c0825c7d687d1135e88275-240x300.jpg 240w\" sizes=\"(max-width: 736px) 100vw, 736px\" \/>\t\t\t\t\t\t\t\t\t\t\t\t\t\t\t<\/div>\n\t\t\t\t\t<\/div>\n\t\t\t\t<\/div>\n\t\t\t\t<\/div>\n\t\t<div id=\"e-n-tab-content-2083239493\" role=\"tabpanel\" aria-labelledby=\"e-n-tab-title-2083239493\" data-tab-index=\"3\" style=\"--n-tabs-title-order: 3;\" class=\" elementor-element elementor-element-f04a6a6 e-con-full e-flex e-con e-child\" data-id=\"f04a6a6\" data-element_type=\"container\" data-e-type=\"container\">\n\t\t<div class=\"elementor-element elementor-element-a4cffe2 e-flex e-con-boxed e-con e-child\" data-id=\"a4cffe2\" data-element_type=\"container\" data-e-type=\"container\">\n\t\t\t\t\t<div class=\"e-con-inner\">\n\t\t\t\t<div class=\"elementor-element elementor-element-857384f elementor-widget elementor-widget-image\" data-id=\"857384f\" data-element_type=\"widget\" data-e-type=\"widget\" data-widget_type=\"image.default\">\n\t\t\t\t\t\t\t\t\t\t\t\t\t\t\t<img decoding=\"async\" width=\"649\" height=\"991\" src=\"https:\/\/chicasblog.shop\/wp-content\/uploads\/2026\/04\/73620d9b2ea8b5a7fd51e0a224971e96.jpg\" class=\"attachment-large size-large wp-image-329\" alt=\"\" srcset=\"https:\/\/chicasblog.shop\/wp-content\/uploads\/2026\/04\/73620d9b2ea8b5a7fd51e0a224971e96.jpg 649w, https:\/\/chicasblog.shop\/wp-content\/uploads\/2026\/04\/73620d9b2ea8b5a7fd51e0a224971e96-196x300.jpg 196w\" sizes=\"(max-width: 649px) 100vw, 649px\" \/>\t\t\t\t\t\t\t\t\t\t\t\t\t\t\t<\/div>\n\t\t\t\t\t<\/div>\n\t\t\t\t<\/div>\n\t\t\t\t<\/div>\n\t\t\t\t\t<\/div>\n\t\t<\/div>\n\t\t\t\t\t\t<\/div>\n\t\t\t\t\t<\/div>\n\t\t\t\t<\/div>\n\t\t<div class=\"elementor-element elementor-element-e3d95fa e-flex e-con-boxed e-con e-parent\" data-id=\"e3d95fa\" data-element_type=\"container\" data-e-type=\"container\" data-settings=\"{&quot;background_background&quot;:&quot;classic&quot;}\">\n\t\t\t\t\t<div class=\"e-con-inner\">\n\t\t\t\t\t<\/div>\n\t\t\t\t<\/div>\n\t\t\t\t<\/div>\n\t\t","protected":false},"excerpt":{"rendered":"<p>Os livros s\u00e3o a forma mais r\u00e1pida e barata de se fazer uma viagem, pode ser para outro pa\u00eds, \u00e9poca ou at\u00e9 mesmo uma vida inteira. No Brasil, diversos autores se destacam, por exemplo: Machado de Assis, Clasrice Lispector, Lydia Prado, Jos\u00e9 de Alencar, Olavo Bilac, entre outros milh\u00f5es T\u00edtulos Adapta\u00e7\u00f5es Escritores<\/p>\n","protected":false},"author":2,"featured_media":0,"parent":0,"menu_order":0,"comment_status":"closed","ping_status":"closed","template":"","meta":{"footnotes":""},"class_list":["post-106","page","type-page","status-publish","hentry"],"_hostinger_reach_plugin_has_subscription_block":false,"_hostinger_reach_plugin_is_elementor":false,"_links":{"self":[{"href":"https:\/\/chicasblog.shop\/index.php?rest_route=\/wp\/v2\/pages\/106","targetHints":{"allow":["GET"]}}],"collection":[{"href":"https:\/\/chicasblog.shop\/index.php?rest_route=\/wp\/v2\/pages"}],"about":[{"href":"https:\/\/chicasblog.shop\/index.php?rest_route=\/wp\/v2\/types\/page"}],"author":[{"embeddable":true,"href":"https:\/\/chicasblog.shop\/index.php?rest_route=\/wp\/v2\/users\/2"}],"replies":[{"embeddable":true,"href":"https:\/\/chicasblog.shop\/index.php?rest_route=%2Fwp%2Fv2%2Fcomments&post=106"}],"version-history":[{"count":34,"href":"https:\/\/chicasblog.shop\/index.php?rest_route=\/wp\/v2\/pages\/106\/revisions"}],"predecessor-version":[{"id":341,"href":"https:\/\/chicasblog.shop\/index.php?rest_route=\/wp\/v2\/pages\/106\/revisions\/341"}],"wp:attachment":[{"href":"https:\/\/chicasblog.shop\/index.php?rest_route=%2Fwp%2Fv2%2Fmedia&parent=106"}],"curies":[{"name":"wp","href":"https:\/\/api.w.org\/{rel}","templated":true}]}}