{"id":111,"date":"2026-04-02T01:41:44","date_gmt":"2026-04-02T01:41:44","guid":{"rendered":"https:\/\/chicasblog.shop\/?page_id=111"},"modified":"2026-04-02T12:59:16","modified_gmt":"2026-04-02T12:59:16","slug":"elementor-pagina-111","status":"publish","type":"page","link":"https:\/\/chicasblog.shop\/?page_id=111","title":{"rendered":"Elementor#111"},"content":{"rendered":"\t\t<div data-elementor-type=\"wp-page\" data-elementor-id=\"111\" class=\"elementor elementor-111\">\n\t\t\t\t<div class=\"elementor-element elementor-element-b4cc9bb e-flex e-con-boxed e-con e-parent\" data-id=\"b4cc9bb\" data-element_type=\"container\" data-e-type=\"container\" id=\"Post-cultura\" data-settings=\"{&quot;background_background&quot;:&quot;classic&quot;}\">\n\t\t\t\t\t<div class=\"e-con-inner\">\n\t\t\t\t<div class=\"elementor-element elementor-element-db6d905 elementor-widget__width-initial elementor-absolute elementor-widget elementor-widget-text-editor\" data-id=\"db6d905\" data-element_type=\"widget\" data-e-type=\"widget\" data-settings=\"{&quot;_position&quot;:&quot;absolute&quot;}\" data-widget_type=\"text-editor.default\">\n\t\t\t\t\t\t\t\t\t<p>A cultura pop, por defini\u00e7\u00e3o tradicional, \u00e9 a cultura popular. Por\u00e9m, hoje em dia se entende por cultura pop tudo aquilo relacionado a filmes, m\u00fasicas e celebridades principalmente. Desde o pol\u00eamico colar da Margot Robbie at\u00e9 o Super Bowl do Bad Bunny, tudo entra nessa categoria<\/p>\t\t\t\t\t\t\t\t<\/div>\n\t\t\t\t\t<\/div>\n\t\t\t\t<\/div>\n\t\t<div class=\"elementor-element elementor-element-ebe43bd e-flex e-con-boxed e-con e-parent\" data-id=\"ebe43bd\" data-element_type=\"container\" data-e-type=\"container\" data-settings=\"{&quot;background_background&quot;:&quot;classic&quot;}\">\n\t\t\t\t\t<div class=\"e-con-inner\">\n\t\t\t\t<div class=\"elementor-element elementor-element-4d98d7a e-n-tabs-mobile elementor-widget elementor-widget-n-tabs\" data-id=\"4d98d7a\" data-element_type=\"widget\" data-e-type=\"widget\" data-settings=\"{&quot;tabs_justify_horizontal&quot;:&quot;stretch&quot;,&quot;horizontal_scroll&quot;:&quot;disable&quot;}\" data-widget_type=\"nested-tabs.default\">\n\t\t\t\t\t\t\t<div class=\"e-n-tabs\" data-widget-number=\"81366394\" aria-label=\"Abas. Abra itens com &quot;Enter&quot; ou &quot;Espa\u00e7o&quot;, feche com &quot;Escape&quot; e navegue usando as teclas de &quot;Seta&quot;.\">\n\t\t\t<div class=\"e-n-tabs-heading\" role=\"tablist\">\n\t\t\t\t\t<button id=\"e-n-tab-title-813663941\" data-tab-title-id=\"e-n-tab-title-813663941\" class=\"e-n-tab-title\" aria-selected=\"true\" data-tab-index=\"1\" role=\"tab\" tabindex=\"0\" aria-controls=\"e-n-tab-content-813663941\" style=\"--n-tabs-title-order: 1;\">\n\t\t\t\t\t\t<span class=\"e-n-tab-title-text\">\n\t\t\t\tCantores\t\t\t<\/span>\n\t\t<\/button>\n\t\t\t\t<button id=\"e-n-tab-title-813663942\" data-tab-title-id=\"e-n-tab-title-813663942\" class=\"e-n-tab-title\" aria-selected=\"false\" data-tab-index=\"2\" role=\"tab\" tabindex=\"-1\" aria-controls=\"e-n-tab-content-813663942\" style=\"--n-tabs-title-order: 2;\">\n\t\t\t\t\t\t<span class=\"e-n-tab-title-text\">\n\t\t\t\tAtores\t\t\t<\/span>\n\t\t<\/button>\n\t\t\t\t<button id=\"e-n-tab-title-813663943\" data-tab-title-id=\"e-n-tab-title-813663943\" class=\"e-n-tab-title\" aria-selected=\"false\" data-tab-index=\"3\" role=\"tab\" tabindex=\"-1\" aria-controls=\"e-n-tab-content-813663943\" style=\"--n-tabs-title-order: 3;\">\n\t\t\t\t\t\t<span class=\"e-n-tab-title-text\">\n\t\t\t\tInfluencers\t\t\t<\/span>\n\t\t<\/button>\n\t\t\t\t\t<\/div>\n\t\t\t<div class=\"e-n-tabs-content\">\n\t\t\t\t<div id=\"e-n-tab-content-813663941\" role=\"tabpanel\" aria-labelledby=\"e-n-tab-title-813663941\" data-tab-index=\"1\" style=\"--n-tabs-title-order: 1;\" class=\"e-active elementor-element elementor-element-94fa299 e-con-full e-flex e-con e-child\" data-id=\"94fa299\" data-element_type=\"container\" data-e-type=\"container\">\n\t\t<div class=\"elementor-element elementor-element-c5d38ea e-flex e-con-boxed e-con e-child\" data-id=\"c5d38ea\" data-element_type=\"container\" data-e-type=\"container\">\n\t\t\t\t\t<div class=\"e-con-inner\">\n\t\t\t\t<div class=\"elementor-element elementor-element-d17072a elementor-widget elementor-widget-image\" data-id=\"d17072a\" data-element_type=\"widget\" data-e-type=\"widget\" data-widget_type=\"image.default\">\n\t\t\t\t\t\t\t\t\t\t\t\t\t\t\t<img fetchpriority=\"high\" decoding=\"async\" width=\"718\" height=\"1024\" src=\"https:\/\/chicasblog.shop\/wp-content\/uploads\/2026\/04\/6f22f1dad20d212c28b040ef87085f38-718x1024.jpg\" class=\"attachment-large size-large wp-image-320\" alt=\"\" srcset=\"https:\/\/chicasblog.shop\/wp-content\/uploads\/2026\/04\/6f22f1dad20d212c28b040ef87085f38-718x1024.jpg 718w, https:\/\/chicasblog.shop\/wp-content\/uploads\/2026\/04\/6f22f1dad20d212c28b040ef87085f38-210x300.jpg 210w, https:\/\/chicasblog.shop\/wp-content\/uploads\/2026\/04\/6f22f1dad20d212c28b040ef87085f38.jpg 736w\" sizes=\"(max-width: 718px) 100vw, 718px\" \/>\t\t\t\t\t\t\t\t\t\t\t\t\t\t\t<\/div>\n\t\t\t\t\t<\/div>\n\t\t\t\t<\/div>\n\t\t\t\t<\/div>\n\t\t<div id=\"e-n-tab-content-813663942\" role=\"tabpanel\" aria-labelledby=\"e-n-tab-title-813663942\" data-tab-index=\"2\" style=\"--n-tabs-title-order: 2;\" class=\" elementor-element elementor-element-b6981ad e-con-full e-flex e-con e-child\" data-id=\"b6981ad\" data-element_type=\"container\" data-e-type=\"container\">\n\t\t<div class=\"elementor-element elementor-element-c6a9da9 e-flex e-con-boxed e-con e-child\" data-id=\"c6a9da9\" data-element_type=\"container\" data-e-type=\"container\">\n\t\t\t\t\t<div class=\"e-con-inner\">\n\t\t\t\t<div class=\"elementor-element elementor-element-e159738 elementor-widget elementor-widget-image\" data-id=\"e159738\" data-element_type=\"widget\" data-e-type=\"widget\" data-widget_type=\"image.default\">\n\t\t\t\t\t\t\t\t\t\t\t\t\t\t\t<img decoding=\"async\" width=\"735\" height=\"952\" src=\"https:\/\/chicasblog.shop\/wp-content\/uploads\/2026\/04\/c1b2b0fa274f424f7b353111149aa6bc.jpg\" class=\"attachment-large size-large wp-image-321\" alt=\"\" srcset=\"https:\/\/chicasblog.shop\/wp-content\/uploads\/2026\/04\/c1b2b0fa274f424f7b353111149aa6bc.jpg 735w, https:\/\/chicasblog.shop\/wp-content\/uploads\/2026\/04\/c1b2b0fa274f424f7b353111149aa6bc-232x300.jpg 232w\" sizes=\"(max-width: 735px) 100vw, 735px\" \/>\t\t\t\t\t\t\t\t\t\t\t\t\t\t\t<\/div>\n\t\t\t\t\t<\/div>\n\t\t\t\t<\/div>\n\t\t\t\t<\/div>\n\t\t<div id=\"e-n-tab-content-813663943\" role=\"tabpanel\" aria-labelledby=\"e-n-tab-title-813663943\" data-tab-index=\"3\" style=\"--n-tabs-title-order: 3;\" class=\" elementor-element elementor-element-6d51309 e-con-full e-flex e-con e-child\" data-id=\"6d51309\" data-element_type=\"container\" data-e-type=\"container\">\n\t\t<div class=\"elementor-element elementor-element-25315df e-flex e-con-boxed e-con e-child\" data-id=\"25315df\" data-element_type=\"container\" data-e-type=\"container\">\n\t\t\t\t\t<div class=\"e-con-inner\">\n\t\t\t\t<div class=\"elementor-element elementor-element-d82f946 elementor-widget elementor-widget-image\" data-id=\"d82f946\" data-element_type=\"widget\" data-e-type=\"widget\" data-widget_type=\"image.default\">\n\t\t\t\t\t\t\t\t\t\t\t\t\t\t\t<img decoding=\"async\" width=\"576\" height=\"1024\" src=\"https:\/\/chicasblog.shop\/wp-content\/uploads\/2026\/04\/50a71a6127b6a37d0d09bb9b20e3740c-576x1024.jpg\" class=\"attachment-large size-large wp-image-322\" alt=\"\" srcset=\"https:\/\/chicasblog.shop\/wp-content\/uploads\/2026\/04\/50a71a6127b6a37d0d09bb9b20e3740c-576x1024.jpg 576w, https:\/\/chicasblog.shop\/wp-content\/uploads\/2026\/04\/50a71a6127b6a37d0d09bb9b20e3740c-169x300.jpg 169w, https:\/\/chicasblog.shop\/wp-content\/uploads\/2026\/04\/50a71a6127b6a37d0d09bb9b20e3740c.jpg 675w\" sizes=\"(max-width: 576px) 100vw, 576px\" \/>\t\t\t\t\t\t\t\t\t\t\t\t\t\t\t<\/div>\n\t\t\t\t\t<\/div>\n\t\t\t\t<\/div>\n\t\t\t\t<\/div>\n\t\t\t\t\t<\/div>\n\t\t<\/div>\n\t\t\t\t\t\t<\/div>\n\t\t\t\t\t<\/div>\n\t\t\t\t<\/div>\n\t\t<div class=\"elementor-element elementor-element-6124fef e-flex e-con-boxed e-con e-parent\" data-id=\"6124fef\" data-element_type=\"container\" data-e-type=\"container\" data-settings=\"{&quot;background_background&quot;:&quot;classic&quot;}\">\n\t\t\t\t\t<div class=\"e-con-inner\">\n\t\t\t\t\t<\/div>\n\t\t\t\t<\/div>\n\t\t\t\t<\/div>\n\t\t","protected":false},"excerpt":{"rendered":"<p>A cultura pop, por defini\u00e7\u00e3o tradicional, \u00e9 a cultura popular. Por\u00e9m, hoje em dia se entende por cultura pop tudo aquilo relacionado a filmes, m\u00fasicas e celebridades principalmente. Desde o pol\u00eamico colar da Margot Robbie at\u00e9 o Super Bowl do Bad Bunny, tudo entra nessa categoria Cantores Atores Influencers<\/p>\n","protected":false},"author":2,"featured_media":0,"parent":0,"menu_order":0,"comment_status":"open","ping_status":"closed","template":"","meta":{"footnotes":""},"class_list":["post-111","page","type-page","status-publish","hentry"],"_hostinger_reach_plugin_has_subscription_block":false,"_hostinger_reach_plugin_is_elementor":false,"_links":{"self":[{"href":"https:\/\/chicasblog.shop\/index.php?rest_route=\/wp\/v2\/pages\/111","targetHints":{"allow":["GET"]}}],"collection":[{"href":"https:\/\/chicasblog.shop\/index.php?rest_route=\/wp\/v2\/pages"}],"about":[{"href":"https:\/\/chicasblog.shop\/index.php?rest_route=\/wp\/v2\/types\/page"}],"author":[{"embeddable":true,"href":"https:\/\/chicasblog.shop\/index.php?rest_route=\/wp\/v2\/users\/2"}],"replies":[{"embeddable":true,"href":"https:\/\/chicasblog.shop\/index.php?rest_route=%2Fwp%2Fv2%2Fcomments&post=111"}],"version-history":[{"count":43,"href":"https:\/\/chicasblog.shop\/index.php?rest_route=\/wp\/v2\/pages\/111\/revisions"}],"predecessor-version":[{"id":344,"href":"https:\/\/chicasblog.shop\/index.php?rest_route=\/wp\/v2\/pages\/111\/revisions\/344"}],"wp:attachment":[{"href":"https:\/\/chicasblog.shop\/index.php?rest_route=%2Fwp%2Fv2%2Fmedia&parent=111"}],"curies":[{"name":"wp","href":"https:\/\/api.w.org\/{rel}","templated":true}]}}