{"id":87,"date":"2026-04-02T01:10:55","date_gmt":"2026-04-02T01:10:55","guid":{"rendered":"https:\/\/chicasblog.shop\/?page_id=87"},"modified":"2026-04-02T12:17:06","modified_gmt":"2026-04-02T12:17:06","slug":"elementor-pagina-87","status":"publish","type":"page","link":"https:\/\/chicasblog.shop\/?page_id=87","title":{"rendered":"Elementor#87"},"content":{"rendered":"\t\t<div data-elementor-type=\"wp-page\" data-elementor-id=\"87\" class=\"elementor elementor-87\">\n\t\t\t\t<div class=\"elementor-element elementor-element-d7eaaf3 e-flex e-con-boxed e-con e-parent\" data-id=\"d7eaaf3\" data-element_type=\"container\" data-e-type=\"container\" data-settings=\"{&quot;background_background&quot;:&quot;classic&quot;}\">\n\t\t\t\t\t<div class=\"e-con-inner\">\n\t\t\t\t<div class=\"elementor-element elementor-element-96a6489 elementor-widget__width-initial elementor-widget elementor-widget-text-editor\" data-id=\"96a6489\" data-element_type=\"widget\" data-e-type=\"widget\" data-widget_type=\"text-editor.default\">\n\t\t\t\t\t\t\t\t\t<p>A m\u00fasica \u00e9 uma arte sonora, mesclando as sete notas. Sua origem \u00e9 milenar, e atrav\u00e9s dos anos foi capaz de se modificar em diferentes g\u00eaneros. No Brasil, os g\u00eaneros musaicais mais conhecidos s\u00e3o: Bossa Nova, MPB, Funk, Sertanejo, Forr\u00f3, Samba, entre outros.<\/p>\t\t\t\t\t\t\t\t<\/div>\n\t\t\t\t\t<\/div>\n\t\t\t\t<\/div>\n\t\t<div class=\"elementor-element elementor-element-413e614 e-flex e-con-boxed e-con e-parent\" data-id=\"413e614\" data-element_type=\"container\" data-e-type=\"container\" data-settings=\"{&quot;background_background&quot;:&quot;classic&quot;}\">\n\t\t\t\t\t<div class=\"e-con-inner\">\n\t\t\t\t<div class=\"elementor-element elementor-element-8ab5f77 e-n-tabs-mobile elementor-widget elementor-widget-n-tabs\" data-id=\"8ab5f77\" data-element_type=\"widget\" data-e-type=\"widget\" data-settings=\"{&quot;tabs_justify_horizontal&quot;:&quot;stretch&quot;,&quot;horizontal_scroll&quot;:&quot;disable&quot;}\" data-widget_type=\"nested-tabs.default\">\n\t\t\t\t\t\t\t<div class=\"e-n-tabs\" data-widget-number=\"145448823\" aria-label=\"Abas. Abra itens com &quot;Enter&quot; ou &quot;Espa\u00e7o&quot;, feche com &quot;Escape&quot; e navegue usando as teclas de &quot;Seta&quot;.\">\n\t\t\t<div class=\"e-n-tabs-heading\" role=\"tablist\">\n\t\t\t\t\t<button id=\"e-n-tab-title-1454488231\" data-tab-title-id=\"e-n-tab-title-1454488231\" class=\"e-n-tab-title\" aria-selected=\"true\" data-tab-index=\"1\" role=\"tab\" tabindex=\"0\" aria-controls=\"e-n-tab-content-1454488231\" style=\"--n-tabs-title-order: 1;\">\n\t\t\t\t\t\t<span class=\"e-n-tab-title-text\">\n\t\t\t\tSingles\t\t\t<\/span>\n\t\t<\/button>\n\t\t\t\t<button id=\"e-n-tab-title-1454488232\" data-tab-title-id=\"e-n-tab-title-1454488232\" class=\"e-n-tab-title\" aria-selected=\"false\" data-tab-index=\"2\" role=\"tab\" tabindex=\"-1\" aria-controls=\"e-n-tab-content-1454488232\" style=\"--n-tabs-title-order: 2;\">\n\t\t\t\t\t\t<span class=\"e-n-tab-title-text\">\n\t\t\t\t\u00c1lbuns\t\t\t<\/span>\n\t\t<\/button>\n\t\t\t\t<button id=\"e-n-tab-title-1454488233\" data-tab-title-id=\"e-n-tab-title-1454488233\" class=\"e-n-tab-title\" aria-selected=\"false\" data-tab-index=\"3\" role=\"tab\" tabindex=\"-1\" aria-controls=\"e-n-tab-content-1454488233\" style=\"--n-tabs-title-order: 3;\">\n\t\t\t\t\t\t<span class=\"e-n-tab-title-text\">\n\t\t\t\tPremia\u00e7\u00f5es\t\t\t<\/span>\n\t\t<\/button>\n\t\t\t\t\t<\/div>\n\t\t\t<div class=\"e-n-tabs-content\">\n\t\t\t\t<div id=\"e-n-tab-content-1454488231\" role=\"tabpanel\" aria-labelledby=\"e-n-tab-title-1454488231\" data-tab-index=\"1\" style=\"--n-tabs-title-order: 1;\" class=\"e-active elementor-element elementor-element-a0cdb0f e-con-full e-flex e-con e-child\" data-id=\"a0cdb0f\" data-element_type=\"container\" data-e-type=\"container\">\n\t\t\t\t<div class=\"elementor-element elementor-element-14a9b15 elementor-widget elementor-widget-video\" data-id=\"14a9b15\" data-element_type=\"widget\" data-e-type=\"widget\" data-settings=\"{&quot;youtube_url&quot;:&quot;https:\\\/\\\/youtu.be\\\/eVli-tstM5E?si=cEn52QNy9DnR-R0T&quot;,&quot;video_type&quot;:&quot;youtube&quot;,&quot;controls&quot;:&quot;yes&quot;}\" data-widget_type=\"video.default\">\n\t\t\t\t\t\t\t<div class=\"elementor-wrapper elementor-open-inline\">\n\t\t\t<div class=\"elementor-video\"><\/div>\t\t<\/div>\n\t\t\t\t\t\t<\/div>\n\t\t\t\t<\/div>\n\t\t<div id=\"e-n-tab-content-1454488232\" role=\"tabpanel\" aria-labelledby=\"e-n-tab-title-1454488232\" data-tab-index=\"2\" style=\"--n-tabs-title-order: 2;\" class=\" elementor-element elementor-element-71b770c e-con-full e-flex e-con e-child\" data-id=\"71b770c\" data-element_type=\"container\" data-e-type=\"container\">\n\t\t\t\t<div class=\"elementor-element elementor-element-c4068ec elementor-widget elementor-widget-image\" data-id=\"c4068ec\" data-element_type=\"widget\" data-e-type=\"widget\" data-widget_type=\"image.default\">\n\t\t\t\t\t\t\t\t\t\t\t\t\t\t\t<img fetchpriority=\"high\" decoding=\"async\" width=\"736\" height=\"724\" src=\"https:\/\/chicasblog.shop\/wp-content\/uploads\/2026\/04\/6442adb04b33dc6e6b5434fcb06c8d9f.jpg\" class=\"attachment-medium_large size-medium_large wp-image-174\" alt=\"\" srcset=\"https:\/\/chicasblog.shop\/wp-content\/uploads\/2026\/04\/6442adb04b33dc6e6b5434fcb06c8d9f.jpg 736w, https:\/\/chicasblog.shop\/wp-content\/uploads\/2026\/04\/6442adb04b33dc6e6b5434fcb06c8d9f-300x295.jpg 300w\" sizes=\"(max-width: 736px) 100vw, 736px\" \/>\t\t\t\t\t\t\t\t\t\t\t\t\t\t\t<\/div>\n\t\t\t\t<\/div>\n\t\t<div id=\"e-n-tab-content-1454488233\" role=\"tabpanel\" aria-labelledby=\"e-n-tab-title-1454488233\" data-tab-index=\"3\" style=\"--n-tabs-title-order: 3;\" class=\" elementor-element elementor-element-387f4d7 e-con-full e-flex e-con e-child\" data-id=\"387f4d7\" data-element_type=\"container\" data-e-type=\"container\">\n\t\t\t\t<div class=\"elementor-element elementor-element-42ec283 elementor-widget elementor-widget-image\" data-id=\"42ec283\" data-element_type=\"widget\" data-e-type=\"widget\" data-widget_type=\"image.default\">\n\t\t\t\t\t\t\t\t\t\t\t\t\t\t\t<img decoding=\"async\" width=\"704\" height=\"1024\" src=\"https:\/\/chicasblog.shop\/wp-content\/uploads\/2026\/04\/b922144915253e032b42520052f546e2-704x1024.jpg\" class=\"attachment-large size-large wp-image-175\" alt=\"\" srcset=\"https:\/\/chicasblog.shop\/wp-content\/uploads\/2026\/04\/b922144915253e032b42520052f546e2-704x1024.jpg 704w, https:\/\/chicasblog.shop\/wp-content\/uploads\/2026\/04\/b922144915253e032b42520052f546e2-206x300.jpg 206w, https:\/\/chicasblog.shop\/wp-content\/uploads\/2026\/04\/b922144915253e032b42520052f546e2.jpg 736w\" sizes=\"(max-width: 704px) 100vw, 704px\" \/>\t\t\t\t\t\t\t\t\t\t\t\t\t\t\t<\/div>\n\t\t\t\t<\/div>\n\t\t\t\t\t<\/div>\n\t\t<\/div>\n\t\t\t\t\t\t<\/div>\n\t\t\t\t\t<\/div>\n\t\t\t\t<\/div>\n\t\t<div class=\"elementor-element elementor-element-f8c54de e-flex e-con-boxed e-con e-parent\" data-id=\"f8c54de\" data-element_type=\"container\" data-e-type=\"container\" data-settings=\"{&quot;background_background&quot;:&quot;classic&quot;}\">\n\t\t\t\t\t<div class=\"e-con-inner\">\n\t\t\t\t\t<\/div>\n\t\t\t\t<\/div>\n\t\t\t\t<\/div>\n\t\t","protected":false},"excerpt":{"rendered":"<p>A m\u00fasica \u00e9 uma arte sonora, mesclando as sete notas. Sua origem \u00e9 milenar, e atrav\u00e9s dos anos foi capaz de se modificar em diferentes g\u00eaneros. No Brasil, os g\u00eaneros musaicais mais conhecidos s\u00e3o: Bossa Nova, MPB, Funk, Sertanejo, Forr\u00f3, Samba, entre outros. Singles \u00c1lbuns Premia\u00e7\u00f5es https:\/\/youtu.be\/eVli-tstM5E?si=cEn52QNy9DnR-R0T<\/p>\n","protected":false},"author":2,"featured_media":0,"parent":0,"menu_order":0,"comment_status":"closed","ping_status":"closed","template":"","meta":{"footnotes":""},"class_list":["post-87","page","type-page","status-publish","hentry"],"_hostinger_reach_plugin_has_subscription_block":false,"_hostinger_reach_plugin_is_elementor":false,"_links":{"self":[{"href":"https:\/\/chicasblog.shop\/index.php?rest_route=\/wp\/v2\/pages\/87","targetHints":{"allow":["GET"]}}],"collection":[{"href":"https:\/\/chicasblog.shop\/index.php?rest_route=\/wp\/v2\/pages"}],"about":[{"href":"https:\/\/chicasblog.shop\/index.php?rest_route=\/wp\/v2\/types\/page"}],"author":[{"embeddable":true,"href":"https:\/\/chicasblog.shop\/index.php?rest_route=\/wp\/v2\/users\/2"}],"replies":[{"embeddable":true,"href":"https:\/\/chicasblog.shop\/index.php?rest_route=%2Fwp%2Fv2%2Fcomments&post=87"}],"version-history":[{"count":22,"href":"https:\/\/chicasblog.shop\/index.php?rest_route=\/wp\/v2\/pages\/87\/revisions"}],"predecessor-version":[{"id":302,"href":"https:\/\/chicasblog.shop\/index.php?rest_route=\/wp\/v2\/pages\/87\/revisions\/302"}],"wp:attachment":[{"href":"https:\/\/chicasblog.shop\/index.php?rest_route=%2Fwp%2Fv2%2Fmedia&parent=87"}],"curies":[{"name":"wp","href":"https:\/\/api.w.org\/{rel}","templated":true}]}}